{"id":18159,"date":"2025-01-14T11:53:16","date_gmt":"2025-01-14T14:53:16","guid":{"rendered":"http:\/\/atsalaplata.org.ar\/web\/?page_id=18159"},"modified":"2025-07-01T11:43:54","modified_gmt":"2025-07-01T14:43:54","slug":"complejo-recreativo-atsa-la-plata","status":"publish","type":"page","link":"http:\/\/atsalaplata.org.ar\/web\/complejo-recreativo-atsa-la-plata\/","title":{"rendered":"Complejo Recreativo ATSA La Plata"},"content":{"rendered":"\n<figure class=\"wp-block-image size-full\"><img loading=\"lazy\" decoding=\"async\" width=\"900\" height=\"500\" src=\"http:\/\/atsalaplata.org.ar\/web\/wp-content\/uploads\/2023\/10\/complejo_web.jpg\" alt=\"\" class=\"wp-image-16292\" srcset=\"http:\/\/atsalaplata.org.ar\/web\/wp-content\/uploads\/2023\/10\/complejo_web.jpg 900w, http:\/\/atsalaplata.org.ar\/web\/wp-content\/uploads\/2023\/10\/complejo_web-768x427.jpg 768w\" sizes=\"auto, (max-width: 900px) 100vw, 900px\" \/><\/figure>\n\n\n\n<p>Para acceder al complejo, los trabajadores deben acreditar una antig\u00fcedad de seis meses de afiliaci\u00f3n al sindicato, con el descuento correspondiente del 2,5%.<\/p>\n\n\n\n<p>Nuestro predio queda ubicado en calle 65 y 185 de la localidad de Los Hornos. Un lugar para disfrutar en familia con tres piletas de nataci\u00f3n, canchas de f\u00fatbol, paddle, con acceso tambi\u00e9n a quinchos, parrillas, buffet y sal\u00f3n para reuniones o festejos.<\/p>\n\n\n\n<ul class=\"wp-block-list\">\n<li>Piletas de nataci\u00f3n<\/li>\n\n\n\n<li>Futbol, Paddle<\/li>\n\n\n\n<li>Buffet, Quinchos y Parrillas<\/li>\n\n\n\n<li>Sal\u00f3n para reuniones y fiestas<\/li>\n<\/ul>\n\n\n\n<div class=\"wp-block-columns is-layout-flex wp-container-core-columns-is-layout-28f84493 wp-block-columns-is-layout-flex\">\n<div class=\"wp-block-column is-layout-flow wp-block-column-is-layout-flow\">\n<div class=\"wp-block-columns has-vivid-cyan-blue-background-color has-background is-layout-flex wp-container-core-columns-is-layout-28f84493 wp-block-columns-is-layout-flex\">\n<div class=\"wp-block-column is-layout-flow wp-block-column-is-layout-flow\">\n<h4 class=\"wp-block-heading has-white-color has-text-color has-link-color wp-elements-c5c802ca1d4b47ac0cd950cdefdf8d2e\">Fuera de temporada, el Complejo permanece abierto los d\u00edas s\u00e1bado y domingo en el horario de 9 a 17 hs.<\/h4>\n<\/div>\n<\/div>\n<\/div>\n<\/div>\n\n\n\n<p>Se requiere una reserva previa de 24 hs.<\/p>\n\n\n\n<p>Para m\u00e1s informaci\u00f3n y reservas comunicarse al:<\/p>\n\n\n\n<p>221 353-0616 &#8211; Cristian Montenegro, Secretario de Deportes.<\/p>\n\n\n\n<p><\/p>\n\n\n\n<p><\/p>\n\n\n\n<p><\/p>\n\n\n\n<p class=\"has-white-color has-text-color has-link-color wp-elements-b2241ac8c6b2b50919feef5a9c31880d\">COMPLEJO RECREATIVO ATSA LA PLATA VERANO 2025<\/p>\n\n\n\n<p class=\"has-white-color has-text-color has-link-color wp-elements-007bafc896f1f82aaa0e7f88c6fa9f50\">Inicio de temporada: JUEVES 2 DE ENERO.<\/p>\n\n\n\n<p class=\"has-white-color has-text-color has-link-color wp-elements-22244bc161afe12e4c7cd7984c286ce3\">Calle 65 y 185, Los Hornos.<\/p>\n\n\n\n<p class=\"has-white-color has-text-color has-link-color wp-elements-0f6b1f9d1b20929cde369d66902f19f6\">ABIERTO: De 10 a 20 hs.<\/p>\n\n\n\n<p class=\"has-white-color has-text-color has-link-color wp-elements-42c30f3878244a85b07923b6e783b3d2\">Horario de pileta: Todos los d\u00edas de 13 a 19 horas.<\/p>\n\n\n\n<p class=\"has-white-color has-text-color has-link-color wp-elements-7902d024630f7da1971b3601ae60cb99\">-Afiliado y grupo familiar primario ENTRADA GRATUITA-<\/p>\n\n\n\n<p class=\"has-white-color has-text-color has-link-color wp-elements-80e5cd378ae68cdb331ad995066f8bfc\">Presentar \u00faltimo recibo de sueldo, DNI y carnet de afiliaci\u00f3n al sindicato.<\/p>\n\n\n\n<p class=\"has-white-color has-text-color has-link-color wp-elements-2e81a1e7a2576fd1c7e0b8e62d2e8808\">Para gozar de este beneficio se requieren 6 meses de afiliaci\u00f3n<\/p>\n\n\n\n<p class=\"has-white-color has-text-color has-link-color wp-elements-54c4da43d68286eee71543b14fb2ad75\"> MENORES DE 6 A\u00d1OS NO ABONAN.<\/p>\n\n\n\n<p class=\"has-white-color has-text-color has-link-color wp-elements-99107e9a81a1ae4413f442e42af72518\">Informes- consultas en ATSA La Plata- 5 N.\u00ba 375 &#8211; Cristian Montenegro, Secretario de Deportes 221 353-0616 o en <a href=\"http:\/\/www.atsalaplata.org.ar\/?fbclid=IwZXh0bgNhZW0CMTAAAR23wLp4leTXHGcMctStm_r6A0T2xiOICqMbHAjdTJ6H8YH1Rfu_AECraoM_aem_IS6AlqBzMXwsLx-7Pm0vmg\" rel=\"noreferrer noopener\" target=\"_blank\">www.atsalaplata.org.ar<\/a><\/p>\n\n\n\n<p><\/p>\n","protected":false},"excerpt":{"rendered":"<p>Para acceder al complejo, los trabajadores deben acreditar una antig\u00fcedad de seis meses de afiliaci\u00f3n&#8230;<\/p>\n","protected":false},"author":2,"featured_media":0,"parent":0,"menu_order":0,"comment_status":"closed","ping_status":"closed","template":"","meta":{"footnotes":""},"class_list":["post-18159","page","type-page","status-publish","hentry"],"_links":{"self":[{"href":"http:\/\/atsalaplata.org.ar\/web\/wp-json\/wp\/v2\/pages\/18159","targetHints":{"allow":["GET"]}}],"collection":[{"href":"http:\/\/atsalaplata.org.ar\/web\/wp-json\/wp\/v2\/pages"}],"about":[{"href":"http:\/\/atsalaplata.org.ar\/web\/wp-json\/wp\/v2\/types\/page"}],"author":[{"embeddable":true,"href":"http:\/\/atsalaplata.org.ar\/web\/wp-json\/wp\/v2\/users\/2"}],"replies":[{"embeddable":true,"href":"http:\/\/atsalaplata.org.ar\/web\/wp-json\/wp\/v2\/comments?post=18159"}],"version-history":[{"count":4,"href":"http:\/\/atsalaplata.org.ar\/web\/wp-json\/wp\/v2\/pages\/18159\/revisions"}],"predecessor-version":[{"id":18690,"href":"http:\/\/atsalaplata.org.ar\/web\/wp-json\/wp\/v2\/pages\/18159\/revisions\/18690"}],"wp:attachment":[{"href":"http:\/\/atsalaplata.org.ar\/web\/wp-json\/wp\/v2\/media?parent=18159"}],"curies":[{"name":"wp","href":"https:\/\/api.w.org\/{rel}","templated":true}]}}