{"id":14383,"date":"2023-06-22T08:57:21","date_gmt":"2023-06-22T11:57:21","guid":{"rendered":"http:\/\/atsalaplata.org.ar\/web\/?page_id=14383"},"modified":"2023-07-28T12:55:01","modified_gmt":"2023-07-28T15:55:01","slug":"salud-sexual","status":"publish","type":"page","link":"http:\/\/atsalaplata.org.ar\/web\/salud-sexual\/","title":{"rendered":"Salud sexual"},"content":{"rendered":"\n<div class=\"wp-block-columns is-layout-flex wp-container-core-columns-is-layout-28f84493 wp-block-columns-is-layout-flex\">\n<div class=\"wp-block-column is-layout-flow wp-block-column-is-layout-flow\">\n<p>EL Plan de Salud Sexual y Procreaci\u00f3n responsable ofrece cobertura dels 100% en anticonceptivos orales y DIU<\/p>\n\n\n\n<p>La planilla la debe completar el especialista, indicando como diagn\u00f3stico solamente ANTICONCEPCI\u00d3N o PLANIFICACI\u00d3N FAMILIAR<\/p>\n\n\n\n<p>Se cubren todos los anticonceptivos incluidos en vademecum<\/p>\n\n\n\n<p>La planilla se renueva cada a\u00f1o y la medicaci\u00f3n se retira de cualquiera de nuestras farmacias.<\/p>\n<\/div>\n\n\n\n<div class=\"wp-block-column is-layout-flow wp-block-column-is-layout-flow\">\n<div class=\"wp-block-buttons is-content-justification-center is-layout-flex wp-container-core-buttons-is-layout-749adb30 wp-block-buttons-is-layout-flex\">\n<div class=\"wp-block-button has-custom-font-size is-style-fill has-small-font-size\"><a class=\"wp-block-button__link has-vivid-cyan-blue-background-color has-background wp-element-button\" href=\"..\/wp-content\/uploads\/os\/planillas\/salud-sexual.pdf\" style=\"border-radius:5px\" target=\"_blank\" rel=\"noreferrer noopener\">Planilla<\/a><\/div>\n<\/div>\n<\/div>\n<\/div>\n","protected":false},"excerpt":{"rendered":"<p>EL Plan de Salud Sexual y Procreaci\u00f3n responsable ofrece cobertura dels 100% en anticonceptivos orales&#8230;<\/p>\n","protected":false},"author":1,"featured_media":0,"parent":0,"menu_order":0,"comment_status":"closed","ping_status":"closed","template":"","meta":{"footnotes":""},"class_list":["post-14383","page","type-page","status-publish","hentry"],"_links":{"self":[{"href":"http:\/\/atsalaplata.org.ar\/web\/wp-json\/wp\/v2\/pages\/14383","targetHints":{"allow":["GET"]}}],"collection":[{"href":"http:\/\/atsalaplata.org.ar\/web\/wp-json\/wp\/v2\/pages"}],"about":[{"href":"http:\/\/atsalaplata.org.ar\/web\/wp-json\/wp\/v2\/types\/page"}],"author":[{"embeddable":true,"href":"http:\/\/atsalaplata.org.ar\/web\/wp-json\/wp\/v2\/users\/1"}],"replies":[{"embeddable":true,"href":"http:\/\/atsalaplata.org.ar\/web\/wp-json\/wp\/v2\/comments?post=14383"}],"version-history":[{"count":4,"href":"http:\/\/atsalaplata.org.ar\/web\/wp-json\/wp\/v2\/pages\/14383\/revisions"}],"predecessor-version":[{"id":15334,"href":"http:\/\/atsalaplata.org.ar\/web\/wp-json\/wp\/v2\/pages\/14383\/revisions\/15334"}],"wp:attachment":[{"href":"http:\/\/atsalaplata.org.ar\/web\/wp-json\/wp\/v2\/media?parent=14383"}],"curies":[{"name":"wp","href":"https:\/\/api.w.org\/{rel}","templated":true}]}}